{"id":70,"date":"2024-04-01T15:28:18","date_gmt":"2024-04-01T13:28:18","guid":{"rendered":"https:\/\/www.budo-bruxelles.be\/?page_id=70"},"modified":"2026-04-08T17:17:10","modified_gmt":"2026-04-08T15:17:10","slug":"nos-champions","status":"publish","type":"page","link":"https:\/\/www.budo-bruxelles.be\/index.php\/nos-champions\/","title":{"rendered":"Nos champions"},"content":{"rendered":"\n<p><strong>Championnats d\u2019Europe de katas \u00e0 Londres le 4 novembre 2005.<\/strong><\/p>\n\n\n\n<p><strong>M\u00e9daille de bronze pour Lionel Chatelain (uke) et Marc Pagnoulle (tori) en \u00ab&nbsp;Kime-no-kata&nbsp;\u00bb.<\/strong><\/p>\n\n\n\n<figure class=\"wp-block-table\"><table><tbody><tr><td>Pour une premi\u00e8re participation dans cette \u00e9preuve technique, nous d\u00e9crochons une premi\u00e8re m\u00e9daille belge avec le bronze. Les 3 premiers couples \u00e9taient retenus pour la finale, et c\u2019est face aux Espagnols et aux Italiens qu\u2019il a fallu d\u00e9montrer le meilleur dans cette \u00e9preuve. Les Espagnols se sont surpass\u00e9s dans la finale alors que nous nous y \u00e9tions un peu moins \u00e0 l\u2019aise. C&rsquo;est en tous cas une exp\u00e9rience enrichissante mais difficile. Elle s&rsquo;inscrivait dans la prolongation de l&rsquo;examen de 6\u00b0DAN Judo du mois de juin et permet de confirmer notre valeur technique.<br><img decoding=\"async\" src=\"https:\/\/www.budo-bruxelles.be\/wp-content\/uploads\/2024\/04\/kata_LONDON.jpg\" alt=\"\"><br>Notre marge de progression est encore grande et tout l\u2019avenir est \u00e0 nous dans ce domaine. Nous devrons continuer \u00e0 travailler et pers\u00e9v\u00e9rer. Mais d&rsquo;abord &#8230; la troisi\u00e8me DAN pour Lionel. Il nous reste \u00e0 remercier Michel Kozlowski et Daniel Guldemont pour les conseils pr\u00e9cieux et la ligne de conduite qu&rsquo;ils nous ont donn\u00e9s ainsi que Joseph Medina pour ses corrections lors des cours kata.<br><a href=\"https:\/\/www.budo-bruxelles.be\/wp-content\/uploads\/2024\/04\/dh_kata_londres.pdf\" target=\"_blank\" rel=\"noreferrer noopener\">Article de presse dans la DH du 24\/11\/2005<\/a><\/td><\/tr><\/tbody><\/table><\/figure>\n\n\n\n<p><strong>Les m\u00e9daill\u00e9s du championnat de Belgique depuis 1972<\/strong><\/p>\n\n\n\n<figure class=\"wp-block-table\"><table><tbody><tr><td><strong><\/strong><strong>Ann\u00e9e<\/strong><\/td><td><strong><\/strong><strong>M\u00e9daill\u00e9s d\u2019or<\/strong><\/td><td><strong><\/strong><strong>M\u00e9daill\u00e9s d\u2019argent<\/strong><\/td><td><strong><\/strong><strong>M\u00e9daill\u00e9s de bronze<\/strong><\/td><\/tr><tr><td><em><\/em><em>1972<\/em><\/td><td>&nbsp;<\/td><td>&nbsp;<\/td><td>Mommens Josiane<br>Mommens Freddy<br>Henris Bernard<\/td><\/tr><tr><td><em><\/em><em>1973<\/em><\/td><td>Henris Bernard<br>Vershoren Andr\u00e9<br>Tuyaerts Albert<\/td><td>Mommens Josiane<\/td><td>Mommens Josiane<br>Mommens Freddy<br>Van Praet Frans<\/td><\/tr><tr><td><em><\/em><em>1974<\/em><\/td><td>Vercauteren Fran\u00e7is<\/td><td>&nbsp;<\/td><td>Jansen Didier<\/td><\/tr><tr><td>1975<\/td><td>Jansen Didier<\/td><td>&nbsp;<\/td><td>&nbsp;<\/td><\/tr><tr><td><em><\/em><em>1976<\/em><\/td><td>Vercauteren Fran\u00e7is<\/td><td>Groulus Sandro<\/td><td>&nbsp;<\/td><\/tr><tr><td><em><\/em><em>1977<\/em><\/td><td>Jansen Didier<\/td><td>&nbsp;<\/td><td>&nbsp;<\/td><\/tr><tr><td><em><\/em><em>1978<\/em><\/td><td>&nbsp;<\/td><td>Vercauteren Fran\u00e7is<\/td><td>Paquot Christian<\/td><\/tr><tr><td><em><\/em><em>1979<\/em><\/td><td>Schollen Viviane<\/td><td>&nbsp;<\/td><td>&nbsp;<\/td><\/tr><tr><td><em><\/em><em>1980<\/em><\/td><td>Moens Michel<br>Allard Didier<br>Schollen Viviane<br>Pagnoulle Marc<\/td><td>Moens Michel<br>Speltinck Micheline<\/td><td>Allard Didier<br>Pagnoulle Marc<\/td><\/tr><tr><td><em><\/em><em>1981<\/em><\/td><td>Pagnoulle Marc<br>Sion Marianne<\/td><td>Speltinck Micheline<br>Schollen Viviane<\/td><td>Claeys Olivier<br>Van Hoeck Michael<br>Piron J\u00e9r\u00e9my<br>Allard Didier<\/td><\/tr><tr><td><em><\/em><em>1982<\/em><\/td><td>&nbsp;<\/td><td>Pagnoulle Marc<\/td><td>&nbsp;<\/td><\/tr><tr><td><em><\/em><em>1983<\/em><\/td><td>&nbsp;<\/td><td>Pagnoulle Marc<br>Heyez Martial<br>Ertveldt Alain<\/td><td>Dekoninck Dominique<\/td><\/tr><tr><td><em><\/em><em>1984<\/em><\/td><td>&nbsp;<\/td><td>Dekoninck Patricia<\/td><td>Jansen Didier<br>Pagnoulle Marc<br>Tordeur Daniel<\/td><\/tr><tr><td><em><\/em><em>1985<\/em><\/td><td>Mesaus Nancy<br>Mesaus Nancy(scol.)<br>Picard Jean-Michel<br>Dekoninck Dominique<br>Pagnoulle Marc<\/td><td>&nbsp;<\/td><td>Dekoninck Patricia<br>Pagnoulle Marc<br>Teixeira Pedro<br>Dauchat Yvan (militaire)<\/td><\/tr><tr><td><em><\/em><em>1986<\/em><\/td><td>Mesaus Nancy<br>Vanderaa Patrick<\/td><td>&nbsp;<\/td><td>&nbsp;<\/td><\/tr><tr><td><em><\/em><em>1987<\/em><\/td><td>&nbsp;<\/td><td>Mesaus Nancy (scol)<\/td><td>&nbsp;<\/td><\/tr><tr><td><em>1988\/<\/em><em>1989<\/em><\/td><td>Roothootd Cathy<br>Loveniers Solange<br>Dumont Sophie<br>Dommez Ibrahim<br>Pagnoulle Marc.(unif.)<br>S\u00e9bastiano Savino<br>Karamfilis George<br>Pagnoulle Marc.(unif.)<\/td><td>Mesaus Nancy<br>S\u00e9bastiano Savino&nbsp;Steynen Fabrice<\/td><td>Mayet Bernard<br>Mesaus Nancy<br>Engels Koenrad<br>Beugnet Laurence<br>Karamfilis George<br>Pagnoulle Marc.(militaire.)<br>Mendes Alexandre<\/td><\/tr><tr><td><em><\/em><em>1990<\/em><\/td><td>Steynen Fabrice<br>Mendes Alexandre<br>Vanderaa Patrick<br>Mesaus Nancy (unif.)<\/td><td>&nbsp;<\/td><td>&nbsp;<\/td><\/tr><tr><td><em><\/em><em>1991<\/em><\/td><td>Meert Erika<br>Beugnet Laurence<br>Dumont Sophie<br>Begin Isabelle<\/td><td>Vanderaa Patrick<br>Mesaus Nancy<\/td><td>Dumont Vanessa<br>De Meuleneire Christophe<br>Van de Waeter Nathalie<br>Vandenvelde Christophe<\/td><\/tr><tr><td><em><\/em><em>1992<\/em><\/td><td>Mesaus Nancy<br>Vandevoorde Christophe<\/td><td>Mesaus Nancy<br>Vanderaa Patrick<br>Mendes Alexandre<br>Meert Erika<br>Dumont Sophie<br>Roothootd Cathy<\/td><td>Roberfroid Laurent<\/td><\/tr><tr><td><em><\/em><em>1993<\/em><\/td><td>Mesaus Nancy<br>Mendes Alexandre<\/td><td>Mesaus Nancy<br>Meert Erika<br>Clerbois Virginie<\/td><td>Mendes Alexandre<br>Vandevoorde Christophe<\/td><\/tr><tr><td><em><\/em><em>1994<\/em><\/td><td>Mesaus Nancy<br>Vandevoorde Christophe<\/td><td>Vandevoorde Christophe<\/td><td>Mendes Alexandre<br>Vanderaa Patrick<\/td><\/tr><tr><td><em><\/em><em>1995<\/em><\/td><td>Vandevoorde Christophe<\/td><td>&nbsp;<\/td><td>Chatelain Lionel<br>Mayet Bernard (militaire)<\/td><\/tr><tr><td><em><\/em><em>1996<\/em><\/td><td>Chatelain Lionel<br>Mesaus Nancy<\/td><td>Mayet Bernard (militaire)<\/td><td>Karafylakis Christo<br>Depoorter Vincent<\/td><\/tr><tr><td><em>1997<\/em><\/td><td>&nbsp;<\/td><td>Karafylakis Christo<br>Mayet Bernard (militaire)<br>Vandevoorde Christophe<\/td><td>Depoorter Vincent<br>De Broyer Didier (police)<\/td><\/tr><tr><td><em><\/em><em>1998<\/em><\/td><td>Fontaine Sophie<br>Waghli Mourad<\/td><td>Chatelain Lionel<br>Depoorter Vincent<\/td><td>&nbsp;<\/td><\/tr><tr><td><em><\/em><em>1999<\/em><\/td><td>&nbsp;<\/td><td>Sultjens Ingrid (police)<\/td><td>Waghli Mourad<br>Vardaro Laurent<br>De Breuker Thibault<br>Depoorter Vincent (univ.)<\/td><\/tr><tr><td><em><\/em><em>2000<\/em><\/td><td>&nbsp;<\/td><td>Sultjens Ingrid (police)<\/td><td>De Breuker Thibault<br>Ioannidis Vicki<br>Texeira Manuel<br>Laachiri Zouhair<br>Depoorter Vincent (univ.)<\/td><\/tr><tr><td><em><\/em><em>2001<\/em><\/td><td>&nbsp;<\/td><td>&nbsp;<\/td><td>Waghli Mourad<\/td><\/tr><tr><td><em><\/em><em>2002<\/em><\/td><td>&nbsp;<\/td><td>Waghli Mourad<\/td><td>Vandevoorde Thibault<\/td><\/tr><tr><td><em><\/em><em>2003<\/em><\/td><td>&nbsp;<\/td><td>De Breucker Thibaut<\/td><td>&nbsp;<\/td><\/tr><tr><td><em>2004<\/em><\/td><td>De Breucker Thibaut<\/td><td>&nbsp;<\/td><td>&nbsp;<\/td><\/tr><tr><td><em><\/em><em>2005<\/em><\/td><td>&nbsp;<\/td><td>&nbsp;<\/td><td>Van Der Niepen Olivia<\/td><\/tr><tr><td><em>2009<\/em><\/td><td>&nbsp;<\/td><td>&nbsp;<\/td><td>Clavie Nathan<\/td><\/tr><tr><td><em>2010<\/em><\/td><td>Clavie Nathan<\/td><td>&nbsp;<\/td><td>Ez-Zerrad Naoufal<br>Bakioui Tasnim<\/td><\/tr><tr><td><em>2011<br>2\u00b0 meilleur club FFBJ<\/em><\/td><td>Ez-Zerrad Naoufal<br>Bakioui Tasnim<\/td><td>&nbsp;<\/td><td>Amda Salima<br>Clavie Nathan<\/td><\/tr><tr><td><em>2012<\/em><\/td><td><\/td><td>Ez-Zerrad Naoufal<br>Bakioui Tasnim<br>Ishimaru Geoffrey<br>Cosentino Piscillia<\/td><td>Jansen Arnaud<\/td><\/tr><tr><td><em>2013<\/em><\/td><td><\/td><td>Bakioui Tasnim<br>Amda Iliass<\/td><td>Wieme Juliette<br>Ez-Zerrad Naoufal<\/td><\/tr><tr><td><em>2014<\/em><\/td><td><\/td><td>Ez-Zerrad Naoufal<\/td><td>Amda Salima<\/td><\/tr><tr><td><em>2015<\/em><\/td><td>Ez-Zerrad Naoufal&nbsp;U20<\/td><td>Ez-Zerrad Naoufal&nbsp;Sen<br>Popa Eug\u00e8ne<\/td><td><\/td><\/tr><tr><td><em>2016<\/em><\/td><td>Ez-Zerrad Naoufal&nbsp;U20<\/td><td>&nbsp;<\/td><td><\/td><\/tr><tr><td>&nbsp;<\/td><td>&nbsp;<\/td><td>&nbsp;<\/td><td>&nbsp;<\/td><\/tr><tr><td>&nbsp;<\/td><td>&nbsp;<\/td><td>&nbsp;<\/td><td>&nbsp;<\/td><\/tr><tr><td>\u00a02024<\/td><td>&nbsp;<\/td><td>&nbsp;<\/td><td>\u00a0Szulc Alexander U18<\/td><\/tr><tr><td>\u00a02025<\/td><td>&nbsp;<\/td><td>&nbsp;<\/td><td>\u00a0Lawson Matth\u00e9o U20 &amp; U21<\/td><\/tr><\/tbody><\/table><\/figure>\n","protected":false},"excerpt":{"rendered":"<p>Championnats d\u2019Europe de katas \u00e0 Londres le 4 novembre 2005. M\u00e9daille de bronze pour Lionel Chatelain (uke) et Marc Pagnoulle (tori) en \u00ab&nbsp;Kime-no-kata&nbsp;\u00bb. Pour une premi\u00e8re participation dans cette \u00e9preuve technique, nous d\u00e9crochons une premi\u00e8re m\u00e9daille belge avec le bronze. Les 3 premiers couples \u00e9taient retenus pour la finale, et c\u2019est face aux Espagnols et [&hellip;]<\/p>\n","protected":false},"author":1,"featured_media":0,"parent":0,"menu_order":0,"comment_status":"closed","ping_status":"closed","template":"","meta":{"footnotes":""},"class_list":["post-70","page","type-page","status-publish","hentry"],"_links":{"self":[{"href":"https:\/\/www.budo-bruxelles.be\/index.php\/wp-json\/wp\/v2\/pages\/70","targetHints":{"allow":["GET"]}}],"collection":[{"href":"https:\/\/www.budo-bruxelles.be\/index.php\/wp-json\/wp\/v2\/pages"}],"about":[{"href":"https:\/\/www.budo-bruxelles.be\/index.php\/wp-json\/wp\/v2\/types\/page"}],"author":[{"embeddable":true,"href":"https:\/\/www.budo-bruxelles.be\/index.php\/wp-json\/wp\/v2\/users\/1"}],"replies":[{"embeddable":true,"href":"https:\/\/www.budo-bruxelles.be\/index.php\/wp-json\/wp\/v2\/comments?post=70"}],"version-history":[{"count":5,"href":"https:\/\/www.budo-bruxelles.be\/index.php\/wp-json\/wp\/v2\/pages\/70\/revisions"}],"predecessor-version":[{"id":498,"href":"https:\/\/www.budo-bruxelles.be\/index.php\/wp-json\/wp\/v2\/pages\/70\/revisions\/498"}],"wp:attachment":[{"href":"https:\/\/www.budo-bruxelles.be\/index.php\/wp-json\/wp\/v2\/media?parent=70"}],"curies":[{"name":"wp","href":"https:\/\/api.w.org\/{rel}","templated":true}]}}